{"id":2039,"date":"2021-04-25T23:59:54","date_gmt":"2021-04-25T21:59:54","guid":{"rendered":"https:\/\/www.lammertbies.nl\/comm\/cable\/rj45-en-andere-modulaire-kabels"},"modified":"2021-05-16T22:21:27","modified_gmt":"2021-05-16T20:21:27","slug":"modular","status":"publish","type":"page","link":"https:\/\/www.lammertbies.nl\/nl\/comm\/cable\/modular","title":{"rendered":"RJ45 en andere modulaire kabels"},"content":{"rendered":"\n<ul class=\"wp-block-list\"><li><a href=\"#rj45\">RJ45 pin nummering<\/a><\/li><li><a href=\"#stra\">Rechte RJ45 netwerk kabel<\/a><\/li><li><a href=\"#cros\">Gekruiste RJ45 netwerk kabel<\/a><\/li><li><a href=\"#wire\">Bedradingsschema\u2019s<\/a><\/li><li><a href=\"https:\/\/www.lammertbies.nl\/nl\/comm\/cable\/dec-mmj\">DEC MMJ kabels en adapters<\/a><\/li><li><a href=\"https:\/\/www.lammertbies.nl\/nl\/comm\/cable\/yost-serial-rj45\">Yost RS232 via RJ45 bedrading<\/a><\/li><li><a href=\"https:\/\/www.lammertbies.nl\/nl\/comm\/cable\/unitronics-rj11\">Unitronics RJ11 bedrading<\/a><\/li><\/ul>\n\n<h2 class=\"wp-block-heading\"><a name=\"rj45\"><\/a>RJ45 pin nummering<\/h2>\n\n<p>Voordat we beginnen met de bespreking van de bedradingsschema&#8217;s voor modulaire pluggen is het goed te weten hoe de pinnen op RJ45 en andere modulaire pluggen zijn genummerd. Het volgende schema laat de pin nummering zien voor zowel mannelijke als vrouwelijke RJ45 connectoren.<\/p>\n\n<div class=\"wp-block-image\"><figure class=\"aligncenter size-large\"><img decoding=\"async\" src=\"https:\/\/www.lammertbies.nl\/picture\/rj45_pins.png\" alt=\"RJ45 pin nummering\"\/><figcaption>RJ45 pin nummering<\/figcaption><\/figure><\/div>\n\n<p>Alle andere modulaire pluggen\u2014zoals RJ11\u2014beginnen aan dezelfde zijde van de connector te tellen. In de bedrading schema&#8217;s met modulaire pluggen op deze website wordt in de meeste gevallen een afbeelding gebruikt met de connector op de kop, waarbij de clip aan de onderzijde zit.<\/p>\n\n<h2 class=\"wp-block-heading\"><a name=\"stra\"><\/a>De rechte RJ45 netwerk kabel, EIA\/TIA 568B<\/h2>\n\n<p>De meest voorkomende bedrading voor RJ45 kabels is de recht doorgaande kabel. In deze kabel layout zijn alle pinnen \u00e9\u00e9n-op-\u00e9\u00e9n met de andere zijde doorverbonden. De pinnen op de RJ45 connector zijn gepaard, en elk paar transporteert \u00e9\u00e9n differentieel signaal. Elk lijnpaar dient ook getwist te zijn. Als UTP of FTP kabel wordt gebruikt, dan hebben de paren oranje, bruine, blauwe en groene kleuren. De bedrading van deze kabels naar RJ45 om een rechtedoor gaande kabel te maken is gedefinieerd in EIA\/TIA 568B. De RJ45 connectoren op beide einden zijn op gelijke wijze bedraad. Het kleurenschema is hieronder getoond.<\/p>\n\n<div class=\"wp-block-image\"><figure class=\"aligncenter size-large\"><img decoding=\"async\" src=\"https:\/\/www.lammertbies.nl\/picture\/rj45_eia_tia_568b.png\" alt=\"Rechtdoor RJ45 kleur codering - EIA\/TIA 568B\"\/><figcaption>Rechtdoor RJ45 kleur codering &#8211; EIA\/TIA 568B<\/figcaption><\/figure><\/div>\n\n<h2 class=\"wp-block-heading\"><a name=\"cros\"><\/a>De gekruiste RJ45 netwerk kabel, EIA\/TIA 568A<\/h2>\n\n<p>De rechte RJ45 kabel wordt veel gebruikt om netwerkkaarten met hubs te verbinden in 10Base-T en 100Base-Tx netwerken. Op netwerk kaarten fungeert paar 1-2 als de zender en paar 3-6 als de ontvanger. De andere twee aderparen worden niet gebruikt. Op hubs, switches en routers is paar 1-2 de ontvanger en 3-6 de zender. Hierdoor kan een rechtuit bedraade RJ45 kabel worden gebruikt om netwerkkaarten op hubs aan te sluiten.<\/p>\n\n<p>In zeer kleine netwerk configuraties waar slechts twee computers met elkaar zijn verbonden is het gebruik van een hub niet noodzakelijk. De recht doorgaande RJ45 kabel kan niet worden gebruikt in die situatie. Ook wanneer twee hubs met elkaar moeten worden verbonden om het aantal aansluitpunten in een netwerk segment te verhogen is deze kabel niet geschikt. In beide gevallen is een gekruiste RJ45 kabel noodzakelijk waarbij de zend- en ontvanglijnen op beide RJ45 connectoren kruislings zijn verbonden. De kleur codering voor de gekruiste RJ45 kabel is gedefinieerd in de EIA\/TIA 568A standaard.<\/p>\n\n<p>Let op: <u>E\u00e9n RJ45 connector moet worden bedraad als EIA\/TIA 568B, de andere als EIA\/TIA 568A.<\/u> Wanneer beide einden als EIA\/TIA 568A zijn bedraad is de resulterende kabel weer een rechtdoor gaande kabel.<\/p>\n\n<div class=\"wp-block-image\"><figure class=\"aligncenter size-large\"><img decoding=\"async\" src=\"https:\/\/www.lammertbies.nl\/picture\/rj45_eia_tia_568a.png\" alt=\"Gekruiste RJ45 kleur codering - EIA\/TIA 568A\"\/><figcaption>Gekruiste RJ45 kleur codering &#8211; EIA\/TIA 568A<\/figcaption><\/figure><\/div>\n\n<h2 class=\"wp-block-heading\"><a name=\"wire\"><\/a>Veel voorkomende data en spraak bedradingsschema\u2019s<\/h2>\n\n<p>Afhankelijk van de situatie waarin een modulaire kabel wordt gebruikt wisselt het te gebruiken bedradingsschema. De meest voorkomende manieren van bedraden staan in het volgende schema.<\/p>\n\n<div class=\"wp-block-image\"><figure class=\"aligncenter size-large\"><img decoding=\"async\" src=\"https:\/\/www.lammertbies.nl\/picture\/twisted_wiring.png\" alt=\"Veel voorkomende modulaire bedradingsschema's\"\/><figcaption>Veel voorkomende modulaire bedradingsschema\u2019s<br\/>Vrouwelijke connector, kijkend vanaf de open zijde<\/figcaption><\/figure><\/div>\n","protected":false},"excerpt":{"rendered":"<p>RJ45 pin nummering Rechte RJ45 netwerk kabel Gekruiste RJ45 netwerk kabel Bedradingsschema\u2019s DEC MMJ kabels en adapters Yost RS232 via RJ45 bedrading Unitronics RJ11 bedrading RJ45 pin nummering Voordat we beginnen met de bespreking van de bedradingsschema&#8217;s voor modulaire pluggen is het goed te weten hoe de pinnen op RJ45 en andere modulaire pluggen zijn [&hellip;]<\/p>\n","protected":false},"author":1,"featured_media":0,"parent":2036,"menu_order":0,"comment_status":"closed","ping_status":"closed","template":"","meta":{"footnotes":""},"class_list":["post-2039","page","type-page","status-publish","hentry"],"yoast_head":"<!-- This site is optimized with the Yoast SEO plugin v27.4 - https:\/\/yoast.com\/product\/yoast-seo-wordpress\/ -->\n<title>RJ45 bedrading layouts en modulaire kabelinformatie - Lammert Bies<\/title>\n<meta name=\"description\" content=\"Modulaire bedrading schema&#039;s en kabel kleur coderingen voor rechte en gekruiste kabels.\" \/>\n<meta name=\"robots\" content=\"index, follow, max-snippet:-1, max-image-preview:large, max-video-preview:-1\" \/>\n<link rel=\"canonical\" href=\"https:\/\/www.lammertbies.nl\/nl\/comm\/cable\/modular\" \/>\n<meta property=\"og:locale\" content=\"nl_NL\" \/>\n<meta property=\"og:type\" content=\"article\" \/>\n<meta property=\"og:title\" content=\"RJ45 bedrading layouts en modulaire kabelinformatie - Lammert Bies\" \/>\n<meta property=\"og:description\" content=\"Modulaire bedrading schema&#039;s en kabel kleur coderingen voor rechte en gekruiste kabels.\" \/>\n<meta property=\"og:url\" content=\"https:\/\/www.lammertbies.nl\/nl\/comm\/cable\/modular\" \/>\n<meta property=\"og:site_name\" content=\"Lammert Bies\" \/>\n<meta property=\"article:publisher\" content=\"https:\/\/www.facebook.com\/lammertbies\" \/>\n<meta property=\"article:modified_time\" content=\"2021-05-16T20:21:27+00:00\" \/>\n<meta property=\"og:image\" content=\"https:\/\/www.lammertbies.nl\/picture\/rj45_pins.png\" \/>\n<meta name=\"twitter:card\" content=\"summary_large_image\" \/>\n<meta name=\"twitter:site\" content=\"@lammertbies\" \/>\n<meta name=\"twitter:label1\" content=\"Geschatte leestijd\" \/>\n\t<meta name=\"twitter:data1\" content=\"2 minuten\" \/>\n<script type=\"application\/ld+json\" class=\"yoast-schema-graph\">{\"@context\":\"https:\\\/\\\/schema.org\",\"@graph\":[{\"@type\":\"WebPage\",\"@id\":\"https:\\\/\\\/www.lammertbies.nl\\\/nl\\\/comm\\\/cable\\\/modular\",\"url\":\"https:\\\/\\\/www.lammertbies.nl\\\/nl\\\/comm\\\/cable\\\/modular\",\"name\":\"RJ45 bedrading layouts en modulaire kabelinformatie - Lammert Bies\",\"isPartOf\":{\"@id\":\"https:\\\/\\\/www.lammertbies.nl\\\/nl#website\"},\"primaryImageOfPage\":{\"@id\":\"https:\\\/\\\/www.lammertbies.nl\\\/nl\\\/comm\\\/cable\\\/modular#primaryimage\"},\"image\":{\"@id\":\"https:\\\/\\\/www.lammertbies.nl\\\/nl\\\/comm\\\/cable\\\/modular#primaryimage\"},\"thumbnailUrl\":\"https:\\\/\\\/www.lammertbies.nl\\\/picture\\\/rj45_pins.png\",\"datePublished\":\"2021-04-25T21:59:54+00:00\",\"dateModified\":\"2021-05-16T20:21:27+00:00\",\"description\":\"Modulaire bedrading schema's en kabel kleur coderingen voor rechte en gekruiste kabels.\",\"breadcrumb\":{\"@id\":\"https:\\\/\\\/www.lammertbies.nl\\\/nl\\\/comm\\\/cable\\\/modular#breadcrumb\"},\"inLanguage\":\"nl-NL\",\"potentialAction\":[{\"@type\":\"ReadAction\",\"target\":[\"https:\\\/\\\/www.lammertbies.nl\\\/nl\\\/comm\\\/cable\\\/modular\"]}]},{\"@type\":\"ImageObject\",\"inLanguage\":\"nl-NL\",\"@id\":\"https:\\\/\\\/www.lammertbies.nl\\\/nl\\\/comm\\\/cable\\\/modular#primaryimage\",\"url\":\"https:\\\/\\\/www.lammertbies.nl\\\/picture\\\/rj45_pins.png\",\"contentUrl\":\"https:\\\/\\\/www.lammertbies.nl\\\/picture\\\/rj45_pins.png\"},{\"@type\":\"BreadcrumbList\",\"@id\":\"https:\\\/\\\/www.lammertbies.nl\\\/nl\\\/comm\\\/cable\\\/modular#breadcrumb\",\"itemListElement\":[{\"@type\":\"ListItem\",\"position\":1,\"name\":\"Home\",\"item\":\"https:\\\/\\\/www.lammertbies.nl\\\/nl\"},{\"@type\":\"ListItem\",\"position\":2,\"name\":\"Tutorials over computer interfacing\",\"item\":\"https:\\\/\\\/www.lammertbies.nl\\\/nl\\\/comm\"},{\"@type\":\"ListItem\",\"position\":3,\"name\":\"Kabels voor data-interfacing\",\"item\":\"https:\\\/\\\/www.lammertbies.nl\\\/nl\\\/comm\\\/cable\"},{\"@type\":\"ListItem\",\"position\":4,\"name\":\"RJ45 en andere modulaire kabels\"}]},{\"@type\":\"WebSite\",\"@id\":\"https:\\\/\\\/www.lammertbies.nl\\\/nl#website\",\"url\":\"https:\\\/\\\/www.lammertbies.nl\\\/nl\",\"name\":\"Lammert Bies\",\"description\":\"Computer Interfacing\",\"publisher\":{\"@id\":\"https:\\\/\\\/www.lammertbies.nl\\\/nl#\\\/schema\\\/person\\\/5a6c15bc687da8d8d5ef7407fc62c7ba\"},\"potentialAction\":[{\"@type\":\"SearchAction\",\"target\":{\"@type\":\"EntryPoint\",\"urlTemplate\":\"https:\\\/\\\/www.lammertbies.nl\\\/nl?s={search_term_string}\"},\"query-input\":{\"@type\":\"PropertyValueSpecification\",\"valueRequired\":true,\"valueName\":\"search_term_string\"}}],\"inLanguage\":\"nl-NL\"},{\"@type\":[\"Person\",\"Organization\"],\"@id\":\"https:\\\/\\\/www.lammertbies.nl\\\/nl#\\\/schema\\\/person\\\/5a6c15bc687da8d8d5ef7407fc62c7ba\",\"name\":\"Lammert Bies\",\"image\":{\"@type\":\"ImageObject\",\"inLanguage\":\"nl-NL\",\"@id\":\"https:\\\/\\\/www.lammertbies.nl\\\/wp-content\\\/uploads\\\/2021\\\/04\\\/lammie.jpg\",\"url\":\"https:\\\/\\\/www.lammertbies.nl\\\/wp-content\\\/uploads\\\/2021\\\/04\\\/lammie.jpg\",\"contentUrl\":\"https:\\\/\\\/www.lammertbies.nl\\\/wp-content\\\/uploads\\\/2021\\\/04\\\/lammie.jpg\",\"width\":537,\"height\":541,\"caption\":\"Lammert Bies\"},\"logo\":{\"@id\":\"https:\\\/\\\/www.lammertbies.nl\\\/wp-content\\\/uploads\\\/2021\\\/04\\\/lammie.jpg\"},\"description\":\"is a dad, husband and polyglot. He is developing embedded systems since the eighties. Used machine learning before it had a name. Specializes in interconnecting computers, robots and humans. Was a Google Mapmaker Advocate and speaker on several international Google conferences from 2011 until the plug was pulled on Mapmaker in 2017. Currently spreading artificial intelligence to the wildest locations in production environments. He never stops learning.\",\"sameAs\":[\"https:\\\/\\\/www.lammertbies.nl\",\"https:\\\/\\\/www.facebook.com\\\/lammertbies\",\"https:\\\/\\\/www.linkedin.com\\\/in\\\/lammertbies\\\/\",\"https:\\\/\\\/x.com\\\/lammertbies\",\"https:\\\/\\\/bughunter.withgoogle.com\\\/profile\\\/1aaf547a-f30a-4145-b7f7-32259a48fa50\",\"https:\\\/\\\/github.com\\\/lammertb\"]}]}<\/script>\n<!-- \/ Yoast SEO plugin. -->","yoast_head_json":{"title":"RJ45 bedrading layouts en modulaire kabelinformatie - Lammert Bies","description":"Modulaire bedrading schema's en kabel kleur coderingen voor rechte en gekruiste kabels.","robots":{"index":"index","follow":"follow","max-snippet":"max-snippet:-1","max-image-preview":"max-image-preview:large","max-video-preview":"max-video-preview:-1"},"canonical":"https:\/\/www.lammertbies.nl\/nl\/comm\/cable\/modular","og_locale":"nl_NL","og_type":"article","og_title":"RJ45 bedrading layouts en modulaire kabelinformatie - Lammert Bies","og_description":"Modulaire bedrading schema's en kabel kleur coderingen voor rechte en gekruiste kabels.","og_url":"https:\/\/www.lammertbies.nl\/nl\/comm\/cable\/modular","og_site_name":"Lammert Bies","article_publisher":"https:\/\/www.facebook.com\/lammertbies","article_modified_time":"2021-05-16T20:21:27+00:00","og_image":[{"url":"https:\/\/www.lammertbies.nl\/picture\/rj45_pins.png","type":"","width":"","height":""}],"twitter_card":"summary_large_image","twitter_site":"@lammertbies","twitter_misc":{"Geschatte leestijd":"2 minuten"},"schema":{"@context":"https:\/\/schema.org","@graph":[{"@type":"WebPage","@id":"https:\/\/www.lammertbies.nl\/nl\/comm\/cable\/modular","url":"https:\/\/www.lammertbies.nl\/nl\/comm\/cable\/modular","name":"RJ45 bedrading layouts en modulaire kabelinformatie - Lammert Bies","isPartOf":{"@id":"https:\/\/www.lammertbies.nl\/nl#website"},"primaryImageOfPage":{"@id":"https:\/\/www.lammertbies.nl\/nl\/comm\/cable\/modular#primaryimage"},"image":{"@id":"https:\/\/www.lammertbies.nl\/nl\/comm\/cable\/modular#primaryimage"},"thumbnailUrl":"https:\/\/www.lammertbies.nl\/picture\/rj45_pins.png","datePublished":"2021-04-25T21:59:54+00:00","dateModified":"2021-05-16T20:21:27+00:00","description":"Modulaire bedrading schema's en kabel kleur coderingen voor rechte en gekruiste kabels.","breadcrumb":{"@id":"https:\/\/www.lammertbies.nl\/nl\/comm\/cable\/modular#breadcrumb"},"inLanguage":"nl-NL","potentialAction":[{"@type":"ReadAction","target":["https:\/\/www.lammertbies.nl\/nl\/comm\/cable\/modular"]}]},{"@type":"ImageObject","inLanguage":"nl-NL","@id":"https:\/\/www.lammertbies.nl\/nl\/comm\/cable\/modular#primaryimage","url":"https:\/\/www.lammertbies.nl\/picture\/rj45_pins.png","contentUrl":"https:\/\/www.lammertbies.nl\/picture\/rj45_pins.png"},{"@type":"BreadcrumbList","@id":"https:\/\/www.lammertbies.nl\/nl\/comm\/cable\/modular#breadcrumb","itemListElement":[{"@type":"ListItem","position":1,"name":"Home","item":"https:\/\/www.lammertbies.nl\/nl"},{"@type":"ListItem","position":2,"name":"Tutorials over computer interfacing","item":"https:\/\/www.lammertbies.nl\/nl\/comm"},{"@type":"ListItem","position":3,"name":"Kabels voor data-interfacing","item":"https:\/\/www.lammertbies.nl\/nl\/comm\/cable"},{"@type":"ListItem","position":4,"name":"RJ45 en andere modulaire kabels"}]},{"@type":"WebSite","@id":"https:\/\/www.lammertbies.nl\/nl#website","url":"https:\/\/www.lammertbies.nl\/nl","name":"Lammert Bies","description":"Computer Interfacing","publisher":{"@id":"https:\/\/www.lammertbies.nl\/nl#\/schema\/person\/5a6c15bc687da8d8d5ef7407fc62c7ba"},"potentialAction":[{"@type":"SearchAction","target":{"@type":"EntryPoint","urlTemplate":"https:\/\/www.lammertbies.nl\/nl?s={search_term_string}"},"query-input":{"@type":"PropertyValueSpecification","valueRequired":true,"valueName":"search_term_string"}}],"inLanguage":"nl-NL"},{"@type":["Person","Organization"],"@id":"https:\/\/www.lammertbies.nl\/nl#\/schema\/person\/5a6c15bc687da8d8d5ef7407fc62c7ba","name":"Lammert Bies","image":{"@type":"ImageObject","inLanguage":"nl-NL","@id":"https:\/\/www.lammertbies.nl\/wp-content\/uploads\/2021\/04\/lammie.jpg","url":"https:\/\/www.lammertbies.nl\/wp-content\/uploads\/2021\/04\/lammie.jpg","contentUrl":"https:\/\/www.lammertbies.nl\/wp-content\/uploads\/2021\/04\/lammie.jpg","width":537,"height":541,"caption":"Lammert Bies"},"logo":{"@id":"https:\/\/www.lammertbies.nl\/wp-content\/uploads\/2021\/04\/lammie.jpg"},"description":"is a dad, husband and polyglot. He is developing embedded systems since the eighties. Used machine learning before it had a name. Specializes in interconnecting computers, robots and humans. Was a Google Mapmaker Advocate and speaker on several international Google conferences from 2011 until the plug was pulled on Mapmaker in 2017. Currently spreading artificial intelligence to the wildest locations in production environments. He never stops learning.","sameAs":["https:\/\/www.lammertbies.nl","https:\/\/www.facebook.com\/lammertbies","https:\/\/www.linkedin.com\/in\/lammertbies\/","https:\/\/x.com\/lammertbies","https:\/\/bughunter.withgoogle.com\/profile\/1aaf547a-f30a-4145-b7f7-32259a48fa50","https:\/\/github.com\/lammertb"]}]}},"_links":{"self":[{"href":"https:\/\/www.lammertbies.nl\/nl\/wp-json\/wp\/v2\/pages\/2039","targetHints":{"allow":["GET"]}}],"collection":[{"href":"https:\/\/www.lammertbies.nl\/nl\/wp-json\/wp\/v2\/pages"}],"about":[{"href":"https:\/\/www.lammertbies.nl\/nl\/wp-json\/wp\/v2\/types\/page"}],"author":[{"embeddable":true,"href":"https:\/\/www.lammertbies.nl\/nl\/wp-json\/wp\/v2\/users\/1"}],"replies":[{"embeddable":true,"href":"https:\/\/www.lammertbies.nl\/nl\/wp-json\/wp\/v2\/comments?post=2039"}],"version-history":[{"count":0,"href":"https:\/\/www.lammertbies.nl\/nl\/wp-json\/wp\/v2\/pages\/2039\/revisions"}],"up":[{"embeddable":true,"href":"https:\/\/www.lammertbies.nl\/nl\/wp-json\/wp\/v2\/pages\/2036"}],"wp:attachment":[{"href":"https:\/\/www.lammertbies.nl\/nl\/wp-json\/wp\/v2\/media?parent=2039"}],"curies":[{"name":"wp","href":"https:\/\/api.w.org\/{rel}","templated":true}]}}