{"id":2153,"date":"2021-04-28T11:36:29","date_gmt":"2021-04-28T09:36:29","guid":{"rendered":"https:\/\/www.lammertbies.nl\/comm\/cable\/usb-kabellengte"},"modified":"2021-05-03T08:57:07","modified_gmt":"2021-05-03T06:57:07","slug":"usb-cable-length","status":"publish","type":"page","link":"https:\/\/www.lammertbies.nl\/nl\/comm\/cable\/usb-cable-length","title":{"rendered":"USB Kabellengte"},"content":{"rendered":"\n<ul><li><a href=\"#intr\">Inleiding<\/a><\/li><li><a href=\"#norm\">USB kabellengte volgens de specificatie<\/a><\/li><li><a href=\"#long\">Hoe omzeilen we de USB kabellengte beperking<\/a><\/li><\/ul>\n\n<h2 class=\"wp-block-heading\" id=\"intr\">Inleiding<\/h2>\n\n<p>De USB interface is ontwikkeld om randapparatuur zoals printers en scanners met computers te verbinden. Sinds de USB 2.0 versie worden ook hogere snelheid apparatten zoals externe harde schijven vaak voorzien van een USB interface. Speciaal voor die snelle randapparaten kunnen kabellengte en kwaliteit bepalend zijn voor het goed functioneren van de apparatuur. Dit document leert je de USB regels om te kijken wat de maximale kabellengte is voor jouw specifieke toepassing.<\/p>\n\n<h2 class=\"wp-block-heading\" id=\"norm\">USB kabellengte volgens de specificatie<\/h2>\n\n<p>Bij veel interfaces is de maximale kabellengte bepaald door specifieke elektrische eigenschappen van het communicatiesysteem. Voor <a href=\"https:\/\/www.lammertbies.nl\/nl\/comm\/info\/rs-232-specs\">RS-232<\/a> bijvoorbeeld was de kabellengte gelimiteerd door de maximale capaciteit van de datakabel. Deze waarde vast vastgelegd op 2500 pF. Elke datakabel met een capaciteit van maximaal die waarde is binnen de lengtelimiet. Met differenti\u00eble interfaces zoals <a href=\"https:\/\/www.lammertbies.nl\/nl\/comm\/info\/rs-485\">RS-485<\/a> is de maximale kabellengte bijna omgekeerd evenredig met de datasnelheid. Hoe langzamer de bits over de lijn vliegen, deste langer de kabel mag zijn. Dit komt ook door elektrische eigenschappen zoals capaciteit en reflecties.<\/p>\n\n<p>De ontwikkelaars van USB deden het andersom. Zij dachten aan het gebruik van USB als desktop interface en zeiden: &#8220;Nou, 4 meter is al een behoorlijk stuk kabel tussen een computer en een randapparaat, laten we de kabellengte tot die range beperken.&#8221; Vanwege deze benadering definieert de trage USB 1.1 specificatie een maximale kabellengte van 3 meter en staat de snellere USB 2.0 specificatie een kabellengte van 5 meter toe. Kennelijk realiseerden de ingenieurs zich dat 3 meter niet erg lang was in een kantooromgeving en hebben ze daarom de maximale lengte wat vergroot in de nieuwe uitgave van de specificatie.<\/p>\n\n<p>Met dit in het achterhoofd valt het te begrijpen dat die 3 en 5 meter voor USB kabellengtes nauwlijks in alle gevallen het maximum kunnen zijn omdat ze niet primair zijn veroorzaakt door elektrische eigenschappen van de kabel of zender\/ontvanger chips, maar door een bureaucraat in zijn kantoor. Daaruit zouden we mogen concluderen dat een iets langere kabel steeds zou moeten kunnen werken. Helaas is dat niet het geval. Nadat de ingenieurs hun beslissing hadden gemaakt over de maximale kabellengte gebruikten ze dat direct in de specificaties om parameters te beperken die wel natuurkundige eigenschappen hebben. E\u00e9n van deze eigenschapen is de kabelvertraging. Zoals mogelijk bekend verplaatst elektriciteit zich door een kabel met een snelheid die de lichtsnelheid benadert, maar desalniettemin kost het nog steeds een bepaalde hoeveelheid tijd om van de ene zijde van de kabel naar de andere te komen. Deze maximale vertragingstijd is bepaald op 18 nsec voor de lage snelheid USB 1.1 verbindingen en 26 nsec voor de hoge snelheid USB 2.0 verbindingen. De snelheid van elektriciteit door een koperdraad hangt af van de di\u00eblectrische co\u00ebffici\u00ebnt van het materiaal dat rond de draad ligt. Hoewel we die parameter niet exact kennen voor elke USB kabel die in het veld te vinden is, is een snelheid van 65% van de lichtsnelheid een vrij realistische aanname voor een algemene kabel. In dat geval krijgen we 5,07 meter als maximum kabellengte voor de hoge snelheid USB 2.0 verbinding en 3,51 meter voor de lage snelheid USB 1.1.<\/p>\n\n<p>Deze maximale tijdsvertraging is vastgelegd in the interface, dus zelfs met de hoogste kwaliteit kabel gemaakt van de beste materialen die verkocht wordt in de duurste computerwinkel komt er geen significant hogere maximale USB kabellengte dan met een goedkope Chinese kopiekabel gekocht bij een on-line winkel. Dit komt omdat de snelheid van elektriciteit door een koperen kabel wordt bepaald door eenvoudige natuurkundige wetten die zelfs de duurste kabels niet kunnen veranderen.<\/p>\n\n<p>Je zou kunnen denken dat het kopen van de goedkoopste kabel daarom de beste prijs\/kwaliteitsverhouding levert, maar vanuit persoonlijke ervaring moet ik daarvoor waarschuwen. Hoewel deze kabels kunnen functioneren bij een aantal apparaten functioneren goedkopere kabels niet altijd met alle apparatuur. Dit komt doordat de USB specificaties een vrij brede range van eigenschappen toestaan in zender en ontvanger chips en in de kabels. Wanneer in de computer een goedkope driver zit die relatief traag is met weinig uitgangsvermogen die moet verbonden worden met een randapparaat dat ook over een slecht ontworpen USB interface beschikt die maar net binnen de grenzen van de specificatie werkt dan kan een dure kabel werken, terwijl over een goedkope kabel de communicatie mislukt. Dus hoewel de maximum kabellengte niet afhankelijk is van de kwaliteit van de USB kabel is de betrouwbaarheid van de verbinding dat zeker wel. Voor apparatuur waarop u moet kunnen vertrouwen zoals externe harde schijven zou ik nooit het risico nemen van een koopjeskabel. Ik heb \u00e9\u00e9n keer problemen gehad met een Epson scanner die gemiddeld bij \u00e9\u00e9n op de tien in te scannen pagina&#8217;s bleef hangen. Nadat ik de korte USB kabel had vervangen door een langer exemplaar dat ik bij een gespecialiseerde winkel gekocht had heb ik deze problemen nooit meer gehad. Het probleem zat niet in de kabellengte, maar in de kabelkwaliteit. Mijn inschatting is dat wat mensen vaak driver bugs of Windows problemen noemen in feite vaak problemen zijn die veroorzaakt zijn door goedkope kabels in of buiten de computer.<\/p>\n\n<h2 class=\"wp-block-heading\" id=\"long\">Hoe omzeilen we de USB kabellengte beperking<\/h2>\n\n<p>Moderne computers zijn vaak voorzien van 6 of 8 USB poorten waarbij elk apparaat direct met zijn eigen kabel op de computer aangesloten kan worden. Toen USB net uitgebracht was waren de meeste computers slechts voorzien van 2 USB aansluitingen en wanneer je meer apparaten op een computer wilde aansluiten moest er gebruik gemaakt worden van een USB hub. Een hub is feitelijk niets meer dan een tussenkastje dat zich bevindt tussen de computer en \u00e9\u00e9n of meer randapparaten en dat het USB signaal herhaalt en eventueel splitst, vaak met zijn eigen voeding. Het mooie is dat de maximale USB kabellengte slechts geldt voor elk afzonderlijk kabelsegment in het systeem, niet voor de totale kabellengte tussen de computer en het randapparaat. Wanneer er \u00e9\u00e9n USB hub wordt toegepast verdubbelt daardoor de maximale afstand tussen computer en randapparaat tot 10 meter omdat 5 meter is toegestaan tussen de computer en de hub, en nog eens 5 meter vanaf de hub naar het randapparaat.<\/p>\n\n<p>En we zijn nog niet klaar. De USB standaard staat maximaal 5 hubs toe tussen en computer en een ander apparaat. Wanneer we kabels gebruiken die elk 5 meter lang zijn geeft dit een totale kabellengte tussen de computer en het apparaat van 30 meter terwijl we de regels blijven respecteren. Het is echter wel zinvol na te denken of in zo&#8217;n situatie een eenvoudig op ethernet gebasseerd lokaal netwerk of een draadloze dataverbinding niet eenvoudiger en goedkoper was geweest om aan te leggen dan een USB netwerk met vijf hubs en zes verbindingskabels.<\/p>\n\n<p>Houd wel in het achterhoofd dat de verlenging tot 30 meter alleen werkt met apparatuur die op hoge snelheid communiceert volgens de USB 2.0 specificatie. USB 1.1 apparatuur is beperkt tot 6 maal 3 meter wat nog steeds 18 meter is.<\/p>\n","protected":false},"excerpt":{"rendered":"<p>Inleiding USB kabellengte volgens de specificatie Hoe omzeilen we de USB kabellengte beperking Inleiding De USB interface is ontwikkeld om randapparatuur zoals printers en scanners met computers te verbinden. Sinds de USB 2.0 versie worden ook hogere snelheid apparatten zoals externe harde schijven vaak voorzien van een USB interface. Speciaal voor die snelle randapparaten kunnen [&hellip;]<\/p>\n","protected":false},"author":1,"featured_media":0,"parent":2036,"menu_order":27,"comment_status":"closed","ping_status":"closed","template":"","meta":{"footnotes":""},"yoast_head":"<!-- This site is optimized with the Yoast SEO plugin v22.6 - https:\/\/yoast.com\/wordpress\/plugins\/seo\/ -->\n<title>USB kabel lengte informatie - Lammert Bies<\/title>\n<meta name=\"description\" content=\"Achtergrond informatie over de maximale kabel lengte die veilig gebruikt kan worden bij USB kabels.\" \/>\n<meta name=\"robots\" content=\"index, follow, max-snippet:-1, max-image-preview:large, max-video-preview:-1\" \/>\n<link rel=\"canonical\" href=\"https:\/\/www.lammertbies.nl\/nl\/comm\/cable\/usb-cable-length\" \/>\n<meta property=\"og:locale\" content=\"nl_NL\" \/>\n<meta property=\"og:type\" content=\"article\" \/>\n<meta property=\"og:title\" content=\"USB kabel lengte informatie - Lammert Bies\" \/>\n<meta property=\"og:description\" content=\"Achtergrond informatie over de maximale kabel lengte die veilig gebruikt kan worden bij USB kabels.\" \/>\n<meta property=\"og:url\" content=\"https:\/\/www.lammertbies.nl\/nl\/comm\/cable\/usb-cable-length\" \/>\n<meta property=\"og:site_name\" content=\"Lammert Bies\" \/>\n<meta property=\"article:publisher\" content=\"https:\/\/www.facebook.com\/lammertbies\" \/>\n<meta property=\"article:modified_time\" content=\"2021-05-03T06:57:07+00:00\" \/>\n<meta name=\"twitter:card\" content=\"summary_large_image\" \/>\n<meta name=\"twitter:site\" content=\"@lammertbies\" \/>\n<meta name=\"twitter:label1\" content=\"Geschatte leestijd\" \/>\n\t<meta name=\"twitter:data1\" content=\"6 minuten\" \/>\n<script type=\"application\/ld+json\" class=\"yoast-schema-graph\">{\"@context\":\"https:\/\/schema.org\",\"@graph\":[{\"@type\":\"WebPage\",\"@id\":\"https:\/\/www.lammertbies.nl\/nl\/comm\/cable\/usb-cable-length\",\"url\":\"https:\/\/www.lammertbies.nl\/nl\/comm\/cable\/usb-cable-length\",\"name\":\"USB kabel lengte informatie - Lammert Bies\",\"isPartOf\":{\"@id\":\"https:\/\/www.lammertbies.nl\/nl#website\"},\"datePublished\":\"2021-04-28T09:36:29+00:00\",\"dateModified\":\"2021-05-03T06:57:07+00:00\",\"description\":\"Achtergrond informatie over de maximale kabel lengte die veilig gebruikt kan worden bij USB kabels.\",\"breadcrumb\":{\"@id\":\"https:\/\/www.lammertbies.nl\/nl\/comm\/cable\/usb-cable-length#breadcrumb\"},\"inLanguage\":\"nl-NL\",\"potentialAction\":[{\"@type\":\"ReadAction\",\"target\":[\"https:\/\/www.lammertbies.nl\/nl\/comm\/cable\/usb-cable-length\"]}]},{\"@type\":\"BreadcrumbList\",\"@id\":\"https:\/\/www.lammertbies.nl\/nl\/comm\/cable\/usb-cable-length#breadcrumb\",\"itemListElement\":[{\"@type\":\"ListItem\",\"position\":1,\"name\":\"Home\",\"item\":\"https:\/\/www.lammertbies.nl\/nl\"},{\"@type\":\"ListItem\",\"position\":2,\"name\":\"Tutorials over computer interfacing\",\"item\":\"https:\/\/www.lammertbies.nl\/nl\/comm\"},{\"@type\":\"ListItem\",\"position\":3,\"name\":\"Kabels voor data-interfacing\",\"item\":\"https:\/\/www.lammertbies.nl\/nl\/comm\/cable\"},{\"@type\":\"ListItem\",\"position\":4,\"name\":\"USB Kabellengte\"}]},{\"@type\":\"WebSite\",\"@id\":\"https:\/\/www.lammertbies.nl\/nl#website\",\"url\":\"https:\/\/www.lammertbies.nl\/nl\",\"name\":\"Lammert Bies\",\"description\":\"Computer Interfacing\",\"publisher\":{\"@id\":\"https:\/\/www.lammertbies.nl\/nl#\/schema\/person\/5a6c15bc687da8d8d5ef7407fc62c7ba\"},\"potentialAction\":[{\"@type\":\"SearchAction\",\"target\":{\"@type\":\"EntryPoint\",\"urlTemplate\":\"https:\/\/www.lammertbies.nl\/nl?s={search_term_string}\"},\"query-input\":\"required name=search_term_string\"}],\"inLanguage\":\"nl-NL\"},{\"@type\":[\"Person\",\"Organization\"],\"@id\":\"https:\/\/www.lammertbies.nl\/nl#\/schema\/person\/5a6c15bc687da8d8d5ef7407fc62c7ba\",\"name\":\"Lammert Bies\",\"image\":{\"@type\":\"ImageObject\",\"inLanguage\":\"nl-NL\",\"@id\":\"https:\/\/www.lammertbies.nl\/nl#\/schema\/person\/image\/\",\"url\":\"https:\/\/www.lammertbies.nl\/wp-content\/uploads\/2021\/04\/lammie.jpg\",\"contentUrl\":\"https:\/\/www.lammertbies.nl\/wp-content\/uploads\/2021\/04\/lammie.jpg\",\"width\":537,\"height\":541,\"caption\":\"Lammert Bies\"},\"logo\":{\"@id\":\"https:\/\/www.lammertbies.nl\/nl#\/schema\/person\/image\/\"},\"description\":\"is a dad, husband and polyglot. He is developing embedded systems since the eighties. Used machine learning before it had a name. Specializes in interconnecting computers, robots and humans. Was a Google Mapmaker Advocate and speaker on several international Google conferences from 2011 until the plug was pulled on Mapmaker in 2017. Currently spreading artificial intelligence to the wildest locations in production environments. He never stops learning.\",\"sameAs\":[\"https:\/\/www.lammertbies.nl\",\"https:\/\/www.facebook.com\/lammertbies\",\"https:\/\/www.linkedin.com\/in\/lammertbies\/\",\"https:\/\/x.com\/lammertbies\",\"https:\/\/bughunter.withgoogle.com\/profile\/1aaf547a-f30a-4145-b7f7-32259a48fa50\",\"https:\/\/github.com\/lammertb\"]}]}<\/script>\n<!-- \/ Yoast SEO plugin. -->","yoast_head_json":{"title":"USB kabel lengte informatie - Lammert Bies","description":"Achtergrond informatie over de maximale kabel lengte die veilig gebruikt kan worden bij USB kabels.","robots":{"index":"index","follow":"follow","max-snippet":"max-snippet:-1","max-image-preview":"max-image-preview:large","max-video-preview":"max-video-preview:-1"},"canonical":"https:\/\/www.lammertbies.nl\/nl\/comm\/cable\/usb-cable-length","og_locale":"nl_NL","og_type":"article","og_title":"USB kabel lengte informatie - Lammert Bies","og_description":"Achtergrond informatie over de maximale kabel lengte die veilig gebruikt kan worden bij USB kabels.","og_url":"https:\/\/www.lammertbies.nl\/nl\/comm\/cable\/usb-cable-length","og_site_name":"Lammert Bies","article_publisher":"https:\/\/www.facebook.com\/lammertbies","article_modified_time":"2021-05-03T06:57:07+00:00","twitter_card":"summary_large_image","twitter_site":"@lammertbies","twitter_misc":{"Geschatte leestijd":"6 minuten"},"schema":{"@context":"https:\/\/schema.org","@graph":[{"@type":"WebPage","@id":"https:\/\/www.lammertbies.nl\/nl\/comm\/cable\/usb-cable-length","url":"https:\/\/www.lammertbies.nl\/nl\/comm\/cable\/usb-cable-length","name":"USB kabel lengte informatie - Lammert Bies","isPartOf":{"@id":"https:\/\/www.lammertbies.nl\/nl#website"},"datePublished":"2021-04-28T09:36:29+00:00","dateModified":"2021-05-03T06:57:07+00:00","description":"Achtergrond informatie over de maximale kabel lengte die veilig gebruikt kan worden bij USB kabels.","breadcrumb":{"@id":"https:\/\/www.lammertbies.nl\/nl\/comm\/cable\/usb-cable-length#breadcrumb"},"inLanguage":"nl-NL","potentialAction":[{"@type":"ReadAction","target":["https:\/\/www.lammertbies.nl\/nl\/comm\/cable\/usb-cable-length"]}]},{"@type":"BreadcrumbList","@id":"https:\/\/www.lammertbies.nl\/nl\/comm\/cable\/usb-cable-length#breadcrumb","itemListElement":[{"@type":"ListItem","position":1,"name":"Home","item":"https:\/\/www.lammertbies.nl\/nl"},{"@type":"ListItem","position":2,"name":"Tutorials over computer interfacing","item":"https:\/\/www.lammertbies.nl\/nl\/comm"},{"@type":"ListItem","position":3,"name":"Kabels voor data-interfacing","item":"https:\/\/www.lammertbies.nl\/nl\/comm\/cable"},{"@type":"ListItem","position":4,"name":"USB Kabellengte"}]},{"@type":"WebSite","@id":"https:\/\/www.lammertbies.nl\/nl#website","url":"https:\/\/www.lammertbies.nl\/nl","name":"Lammert Bies","description":"Computer Interfacing","publisher":{"@id":"https:\/\/www.lammertbies.nl\/nl#\/schema\/person\/5a6c15bc687da8d8d5ef7407fc62c7ba"},"potentialAction":[{"@type":"SearchAction","target":{"@type":"EntryPoint","urlTemplate":"https:\/\/www.lammertbies.nl\/nl?s={search_term_string}"},"query-input":"required name=search_term_string"}],"inLanguage":"nl-NL"},{"@type":["Person","Organization"],"@id":"https:\/\/www.lammertbies.nl\/nl#\/schema\/person\/5a6c15bc687da8d8d5ef7407fc62c7ba","name":"Lammert Bies","image":{"@type":"ImageObject","inLanguage":"nl-NL","@id":"https:\/\/www.lammertbies.nl\/nl#\/schema\/person\/image\/","url":"https:\/\/www.lammertbies.nl\/wp-content\/uploads\/2021\/04\/lammie.jpg","contentUrl":"https:\/\/www.lammertbies.nl\/wp-content\/uploads\/2021\/04\/lammie.jpg","width":537,"height":541,"caption":"Lammert Bies"},"logo":{"@id":"https:\/\/www.lammertbies.nl\/nl#\/schema\/person\/image\/"},"description":"is a dad, husband and polyglot. He is developing embedded systems since the eighties. Used machine learning before it had a name. Specializes in interconnecting computers, robots and humans. Was a Google Mapmaker Advocate and speaker on several international Google conferences from 2011 until the plug was pulled on Mapmaker in 2017. Currently spreading artificial intelligence to the wildest locations in production environments. He never stops learning.","sameAs":["https:\/\/www.lammertbies.nl","https:\/\/www.facebook.com\/lammertbies","https:\/\/www.linkedin.com\/in\/lammertbies\/","https:\/\/x.com\/lammertbies","https:\/\/bughunter.withgoogle.com\/profile\/1aaf547a-f30a-4145-b7f7-32259a48fa50","https:\/\/github.com\/lammertb"]}]}},"_links":{"self":[{"href":"https:\/\/www.lammertbies.nl\/nl\/wp-json\/wp\/v2\/pages\/2153"}],"collection":[{"href":"https:\/\/www.lammertbies.nl\/nl\/wp-json\/wp\/v2\/pages"}],"about":[{"href":"https:\/\/www.lammertbies.nl\/nl\/wp-json\/wp\/v2\/types\/page"}],"author":[{"embeddable":true,"href":"https:\/\/www.lammertbies.nl\/nl\/wp-json\/wp\/v2\/users\/1"}],"replies":[{"embeddable":true,"href":"https:\/\/www.lammertbies.nl\/nl\/wp-json\/wp\/v2\/comments?post=2153"}],"version-history":[{"count":0,"href":"https:\/\/www.lammertbies.nl\/nl\/wp-json\/wp\/v2\/pages\/2153\/revisions"}],"up":[{"embeddable":true,"href":"https:\/\/www.lammertbies.nl\/nl\/wp-json\/wp\/v2\/pages\/2036"}],"wp:attachment":[{"href":"https:\/\/www.lammertbies.nl\/nl\/wp-json\/wp\/v2\/media?parent=2153"}],"curies":[{"name":"wp","href":"https:\/\/api.w.org\/{rel}","templated":true}]}}