{"id":2183,"date":"2021-05-01T23:19:57","date_gmt":"2021-05-01T21:19:57","guid":{"rendered":"https:\/\/www.lammertbies.nl\/comm\/cable\/rs232-seriele-printer-kabels-info"},"modified":"2021-05-16T20:58:58","modified_gmt":"2021-05-16T18:58:58","slug":"rs-232-serial-printer","status":"publish","type":"page","link":"https:\/\/www.lammertbies.nl\/nl\/comm\/cable\/rs-232-serial-printer","title":{"rendered":"RS232 seri\u00eble printer kabels info"},"content":{"rendered":"\n<ul class=\"wp-block-list\"><li><a href=\"#intr\">Inleiding in RS232 seri\u00eble printer kabels<\/a><\/li><li><a href=\"#comm\">Algemene RS232 seri\u00eble printer kabel<\/a><\/li><li><a href=\"#fuji\">Fujitsu seri\u00eble printer kabel<\/a><\/li><li><a href=\"#okid\">Texas Instruments 800 en OKIData ML 80 en 90 printer kabel<\/a><\/li><\/ul>\n\n<h2 class=\"wp-block-heading\" id=\"intr\">Inleiding in RS232 seri\u00eble printer kabels<\/h2>\n\n<p>De RS232 standaard beschrijft de communicatie tussen DTE, data terminal equipment (computers, printers, etc.) en DCE, data communication equipment (modems). In de gevallen waarbij twee DTE apparaten direct met elkaar verbonden moeten worden kunnen <a href=\"https:\/\/www.lammertbies.nl\/nl\/comm\/info\/rs-232-null-modem\">nulmodem kabels<\/a> worden gebruikt. Voor sommige soorten van communicatie zijn symmetrische nulmodem kabels niet de meest optimale oplossing. E\u00e9n van die situaties is het aansluiten van een seri\u00eble printer op een computer. Hoewel de seri\u00eble verbinding een twee-weg verbinding is, zullen alleen gegevens vanaf de computer naar de printer worden gezonden. Het zou mij eerlijk gezegd niet verbazen wanneer de meeste seri\u00eble printers zonder problemen zouden werken wanneer de Tx lijn van de printer helemaal niet aangesloten zou zijn op de Rx van de computer.<\/p>\n\n<p>Het grote probleem van dit asymmetrische gebruik van RS232 communicatie is, dat de handshaking ook op een niet-symmetrische manier gebeurt. Er is geen noodzaak voor de computer om handshake signalen naar de printer te sturen. De printer heeft echter vele redenen om de computer te verzoeken te stoppen met verzenden van data. Denk daarbij aan gevallen van out of paper, off line of formfeed. Oudere seri\u00eble printers gebruiken bovendien vaak mechanische printtechnieken zoals dot matrix of letterwielen waarvan de snelheid gelimiteerd is door de mechanische constructie. Afgezien daarvan hebben sommige printerfabrikanten besloten om pinnen te gebruiken die normaal geen functie hebben op een RS232 interface waardoor het nog onoverzichtelijker wordt.<\/p>\n\n<p>De kabel schema\u2019s zoals ze op deze pagina getoond worden zullen niet in alle gevallen tot succes leiden, maar in 95% van de gevallen zal de printer uiteindelijk wel op de computer kunnen worden aangesloten. Eventueel kunnen ook de normale <a href=\"https:\/\/www.lammertbies.nl\/nl\/comm\/info\/rs-232-null-modem\">nulmodemkabels<\/a> geprobeerd worden. Er zijn gevallen waarin het uitschakelen van alle hardware flow control en overschakelen naar een eenvoudige nulmodem kabel met XON\/XOFF handshaking de enige methode is om een seri\u00eble printer succesvol op een computer aan te sluiten.<\/p>\n\n<h2 class=\"wp-block-heading\" id=\"comm\">Algemene RS232 seri\u00eble printerkabel<\/h2>\n\n<p>Wanneer een seri\u00eble printer aan een PC wordt gekoppeld met een RS232 kabel, dan is de handshaking niet symmetrisch meer. . In een dergelijk geval wordt een RS232 kabel toegepast waarvan aan de PC zijde de handshake lijnen zijn teruggelust. Aan de printerzijde worden alleen de datalijnen en \u00e9\u00e9n handshake lijn gebruikt. De printer zendt niet grote hoeveelheden gegevens naar de aangesloten computer, waardoor er geen reden is om handshake lijnen toe te pasen voor het controleren van de data. Het enige RS232 signaal dat wel in deze kabel gebruikt wordt is het DTR signaal waarmee foutcondities zoals out of paper of off line worden doorgegeven. Deze kabel zou met de meeste seri\u00eble printers moeten werken.<\/p>\n\n<div class=\"wp-block-image\"><figure class=\"aligncenter size-large\"><img decoding=\"async\" src=\"https:\/\/www.lammertbies.nl\/picture\/db9_25_printer.png\" alt=\"Algemene RS232 seri&#xEB;le printerkabel\"\/><figcaption>Algemene RS232 seri\u00eble printerkabel<\/figcaption><\/figure><\/div>\n\n<figure class=\"wp-block-table aligncenter is-style-stripes\"><table><thead><tr><th class=\"has-text-align-center\" data-align=\"center\">Computer<\/th><th class=\"has-text-align-center\" data-align=\"center\">Printer<\/th><th>Functie<\/th><\/tr><\/thead><tbody><tr><td class=\"has-text-align-center\" data-align=\"center\">2<\/td><td class=\"has-text-align-center\" data-align=\"center\">2<\/td><td>Rx \u25c4 Tx<\/td><\/tr><tr><td class=\"has-text-align-center\" data-align=\"center\">3<\/td><td class=\"has-text-align-center\" data-align=\"center\">3<\/td><td>Tx \u25ba Rx<\/td><\/tr><tr><td class=\"has-text-align-center\" data-align=\"center\">5<\/td><td class=\"has-text-align-center\" data-align=\"center\">7<\/td><td>Signaalnul<\/td><\/tr><tr><td class=\"has-text-align-center\" data-align=\"center\">1 + 4<\/td><td class=\"has-text-align-center\" data-align=\"center\">&#8211;<\/td><td>DTR \u25ba CD<\/td><\/tr><tr><td class=\"has-text-align-center\" data-align=\"center\">6 + 8<\/td><td class=\"has-text-align-center\" data-align=\"center\">20<\/td><td>DSR + CTS \u25c4 DTR<\/td><\/tr><\/tbody><\/table><figcaption>Algemene RS232 seri\u00eble printerkabel<\/figcaption><\/figure>\n\n<h2 class=\"wp-block-heading\" id=\"fuji\">Fujitsu seri\u00eble printerkabel<\/h2>\n\n<p>Fujitsu adviseert een afwijkend kabel bedradingsschema om printers van deze fabrikant op computers aan te sluiten. In dat geval wordt de DTR van de printer terug gezonden naar de DSR ingang van de computer. De andere handshake lijnen RTS en CTS zijn aan beide zijden met een brug kortgesloten.<\/p>\n\n<div class=\"wp-block-image\"><figure class=\"aligncenter size-large\"><img decoding=\"async\" src=\"https:\/\/www.lammertbies.nl\/picture\/db9_25_printer_fujitsu.png\" alt=\"Fujitsu seri&#xEB;le printerkabel\"\/><figcaption>Fujitsu seri\u00eble printerkabel<\/figcaption><\/figure><\/div>\n\n<figure class=\"wp-block-table aligncenter is-style-stripes\"><table><thead><tr><th class=\"has-text-align-center\" data-align=\"center\">Computer<\/th><th class=\"has-text-align-center\" data-align=\"center\">Printer<\/th><th>Functie<\/th><\/tr><\/thead><tbody><tr><td class=\"has-text-align-center\" data-align=\"center\">2<\/td><td class=\"has-text-align-center\" data-align=\"center\">2<\/td><td>Rx \u25c4 Tx<\/td><\/tr><tr><td class=\"has-text-align-center\" data-align=\"center\">3<\/td><td class=\"has-text-align-center\" data-align=\"center\">3<\/td><td>Tx \u25ba Rx<\/td><\/tr><tr><td class=\"has-text-align-center\" data-align=\"center\">5<\/td><td class=\"has-text-align-center\" data-align=\"center\">7<\/td><td>Signaalnul<\/td><\/tr><tr><td class=\"has-text-align-center\" data-align=\"center\">6<\/td><td class=\"has-text-align-center\" data-align=\"center\">20<\/td><td>DSR \u25c4 DTR<\/td><\/tr><tr><td class=\"has-text-align-center\" data-align=\"center\">7 + 8<\/td><td class=\"has-text-align-center\" data-align=\"center\">&#8211;<\/td><td>RTS \u25ba CTS<\/td><\/tr><tr><td class=\"has-text-align-center\" data-align=\"center\">&#8211;<\/td><td class=\"has-text-align-center\" data-align=\"center\">4 + 5<\/td><td>RTS \u25ba CTS<\/td><\/tr><\/tbody><\/table><figcaption>Fujitsu seri\u00eble printerkabel<\/figcaption><\/figure>\n\n<h2 class=\"wp-block-heading\" id=\"okid\">Texas Instruments 800 en OKIData MicroLine 80 en 90 printerkabel<\/h2>\n\n<p>Wel erg vreemd is het schema van de seri\u00eble printerkabel voor de Texas Instruments 800 en de OKIData MicroLine 80 en 90 series printers. Deze printers gebruiken de SRTS, secondary request to send lijn op pin 11 om te te verbinden met de CTS van de computer. Pin 11 is ongebruikt op praktisch alle seri\u00eble poorten waardoor het moeilijk zal worden een passende kabel in de computerwinkel te vinden. Dit schema kan behulpzaam zijn bij het wijzigen of zelf maken van een kabel om deze printers op een computer aan te sluiten.<\/p>\n\n<div class=\"wp-block-image\"><figure class=\"aligncenter size-large\"><img decoding=\"async\" src=\"https:\/\/www.lammertbies.nl\/picture\/db9_25_printer_okidata.png\" alt=\"TI 800 en OKIData ML 80 en 90 seri&#xEB;le printerkabel\"\/><figcaption>TI 800 en OKIData ML 80 en 90 seri\u00eble printerkabel<\/figcaption><\/figure><\/div>\n\n<figure class=\"wp-block-table aligncenter is-style-stripes\"><table><thead><tr><th class=\"has-text-align-center\" data-align=\"center\">Computer<\/th><th class=\"has-text-align-center\" data-align=\"center\">Printer<\/th><th>Functie<\/th><\/tr><\/thead><tbody><tr><td class=\"has-text-align-center\" data-align=\"center\">2<\/td><td class=\"has-text-align-center\" data-align=\"center\">2<\/td><td>Rx \u25c4 Tx<\/td><\/tr><tr><td class=\"has-text-align-center\" data-align=\"center\">3<\/td><td class=\"has-text-align-center\" data-align=\"center\">3<\/td><td>Tx \u25ba Rx<\/td><\/tr><tr><td class=\"has-text-align-center\" data-align=\"center\">5<\/td><td class=\"has-text-align-center\" data-align=\"center\">7<\/td><td>Signaalnul<\/td><\/tr><tr><td class=\"has-text-align-center\" data-align=\"center\">6<\/td><td class=\"has-text-align-center\" data-align=\"center\">6 + 20<\/td><td>DSR<sub>1<\/sub> + DSR<sub>2<\/sub> \u25c4 DTR<\/td><\/tr><tr><td class=\"has-text-align-center\" data-align=\"center\">8<\/td><td class=\"has-text-align-center\" data-align=\"center\">11<\/td><td>CTS \u25c4 RTS<\/td><\/tr><\/tbody><\/table><figcaption>TI 800 en OKIData ML 80 en 90 seri\u00eble printerkabel<\/figcaption><\/figure>\n","protected":false},"excerpt":{"rendered":"<p>Inleiding in RS232 seri\u00eble printer kabels Algemene RS232 seri\u00eble printer kabel Fujitsu seri\u00eble printer kabel Texas Instruments 800 en OKIData ML 80 en 90 printer kabel Inleiding in RS232 seri\u00eble printer kabels De RS232 standaard beschrijft de communicatie tussen DTE, data terminal equipment (computers, printers, etc.) en DCE, data communication equipment (modems). In de gevallen [&hellip;]<\/p>\n","protected":false},"author":1,"featured_media":0,"parent":2036,"menu_order":25,"comment_status":"closed","ping_status":"closed","template":"","meta":{"footnotes":""},"class_list":["post-2183","page","type-page","status-publish","hentry"],"yoast_head":"<!-- This site is optimized with the Yoast SEO plugin v27.4 - https:\/\/yoast.com\/product\/yoast-seo-wordpress\/ -->\n<title>RS232 seri\u00eble printer kabel informatie - Lammert Bies<\/title>\n<meta name=\"description\" content=\"Gedetailleerde beschrijving van RS232 seri\u00eble printer kabels. Inclusief afwijkende bedradingsschemas.\" \/>\n<meta name=\"robots\" content=\"index, follow, max-snippet:-1, max-image-preview:large, max-video-preview:-1\" \/>\n<link rel=\"canonical\" href=\"https:\/\/www.lammertbies.nl\/nl\/comm\/cable\/rs-232-serial-printer\" \/>\n<meta property=\"og:locale\" content=\"nl_NL\" \/>\n<meta property=\"og:type\" content=\"article\" \/>\n<meta property=\"og:title\" content=\"RS232 seri\u00eble printer kabel informatie - Lammert Bies\" \/>\n<meta property=\"og:description\" content=\"Gedetailleerde beschrijving van RS232 seri\u00eble printer kabels. Inclusief afwijkende bedradingsschemas.\" \/>\n<meta property=\"og:url\" content=\"https:\/\/www.lammertbies.nl\/nl\/comm\/cable\/rs-232-serial-printer\" \/>\n<meta property=\"og:site_name\" content=\"Lammert Bies\" \/>\n<meta property=\"article:publisher\" content=\"https:\/\/www.facebook.com\/lammertbies\" \/>\n<meta property=\"article:modified_time\" content=\"2021-05-16T18:58:58+00:00\" \/>\n<meta property=\"og:image\" content=\"https:\/\/www.lammertbies.nl\/picture\/db9_25_printer.png\" \/>\n<meta name=\"twitter:card\" content=\"summary_large_image\" \/>\n<meta name=\"twitter:site\" content=\"@lammertbies\" \/>\n<meta name=\"twitter:label1\" content=\"Geschatte leestijd\" \/>\n\t<meta name=\"twitter:data1\" content=\"3 minuten\" \/>\n<script type=\"application\/ld+json\" class=\"yoast-schema-graph\">{\"@context\":\"https:\\\/\\\/schema.org\",\"@graph\":[{\"@type\":\"WebPage\",\"@id\":\"https:\\\/\\\/www.lammertbies.nl\\\/nl\\\/comm\\\/cable\\\/rs-232-serial-printer\",\"url\":\"https:\\\/\\\/www.lammertbies.nl\\\/nl\\\/comm\\\/cable\\\/rs-232-serial-printer\",\"name\":\"RS232 seri\u00eble printer kabel informatie - Lammert Bies\",\"isPartOf\":{\"@id\":\"https:\\\/\\\/www.lammertbies.nl\\\/nl#website\"},\"primaryImageOfPage\":{\"@id\":\"https:\\\/\\\/www.lammertbies.nl\\\/nl\\\/comm\\\/cable\\\/rs-232-serial-printer#primaryimage\"},\"image\":{\"@id\":\"https:\\\/\\\/www.lammertbies.nl\\\/nl\\\/comm\\\/cable\\\/rs-232-serial-printer#primaryimage\"},\"thumbnailUrl\":\"https:\\\/\\\/www.lammertbies.nl\\\/picture\\\/db9_25_printer.png\",\"datePublished\":\"2021-05-01T21:19:57+00:00\",\"dateModified\":\"2021-05-16T18:58:58+00:00\",\"description\":\"Gedetailleerde beschrijving van RS232 seri\u00eble printer kabels. Inclusief afwijkende bedradingsschemas.\",\"breadcrumb\":{\"@id\":\"https:\\\/\\\/www.lammertbies.nl\\\/nl\\\/comm\\\/cable\\\/rs-232-serial-printer#breadcrumb\"},\"inLanguage\":\"nl-NL\",\"potentialAction\":[{\"@type\":\"ReadAction\",\"target\":[\"https:\\\/\\\/www.lammertbies.nl\\\/nl\\\/comm\\\/cable\\\/rs-232-serial-printer\"]}]},{\"@type\":\"ImageObject\",\"inLanguage\":\"nl-NL\",\"@id\":\"https:\\\/\\\/www.lammertbies.nl\\\/nl\\\/comm\\\/cable\\\/rs-232-serial-printer#primaryimage\",\"url\":\"https:\\\/\\\/www.lammertbies.nl\\\/picture\\\/db9_25_printer.png\",\"contentUrl\":\"https:\\\/\\\/www.lammertbies.nl\\\/picture\\\/db9_25_printer.png\"},{\"@type\":\"BreadcrumbList\",\"@id\":\"https:\\\/\\\/www.lammertbies.nl\\\/nl\\\/comm\\\/cable\\\/rs-232-serial-printer#breadcrumb\",\"itemListElement\":[{\"@type\":\"ListItem\",\"position\":1,\"name\":\"Home\",\"item\":\"https:\\\/\\\/www.lammertbies.nl\\\/nl\"},{\"@type\":\"ListItem\",\"position\":2,\"name\":\"Tutorials over computer interfacing\",\"item\":\"https:\\\/\\\/www.lammertbies.nl\\\/nl\\\/comm\"},{\"@type\":\"ListItem\",\"position\":3,\"name\":\"Kabels voor data-interfacing\",\"item\":\"https:\\\/\\\/www.lammertbies.nl\\\/nl\\\/comm\\\/cable\"},{\"@type\":\"ListItem\",\"position\":4,\"name\":\"RS232 seri\u00eble printer kabels info\"}]},{\"@type\":\"WebSite\",\"@id\":\"https:\\\/\\\/www.lammertbies.nl\\\/nl#website\",\"url\":\"https:\\\/\\\/www.lammertbies.nl\\\/nl\",\"name\":\"Lammert Bies\",\"description\":\"Computer Interfacing\",\"publisher\":{\"@id\":\"https:\\\/\\\/www.lammertbies.nl\\\/nl#\\\/schema\\\/person\\\/5a6c15bc687da8d8d5ef7407fc62c7ba\"},\"potentialAction\":[{\"@type\":\"SearchAction\",\"target\":{\"@type\":\"EntryPoint\",\"urlTemplate\":\"https:\\\/\\\/www.lammertbies.nl\\\/nl?s={search_term_string}\"},\"query-input\":{\"@type\":\"PropertyValueSpecification\",\"valueRequired\":true,\"valueName\":\"search_term_string\"}}],\"inLanguage\":\"nl-NL\"},{\"@type\":[\"Person\",\"Organization\"],\"@id\":\"https:\\\/\\\/www.lammertbies.nl\\\/nl#\\\/schema\\\/person\\\/5a6c15bc687da8d8d5ef7407fc62c7ba\",\"name\":\"Lammert Bies\",\"image\":{\"@type\":\"ImageObject\",\"inLanguage\":\"nl-NL\",\"@id\":\"https:\\\/\\\/www.lammertbies.nl\\\/wp-content\\\/uploads\\\/2021\\\/04\\\/lammie.jpg\",\"url\":\"https:\\\/\\\/www.lammertbies.nl\\\/wp-content\\\/uploads\\\/2021\\\/04\\\/lammie.jpg\",\"contentUrl\":\"https:\\\/\\\/www.lammertbies.nl\\\/wp-content\\\/uploads\\\/2021\\\/04\\\/lammie.jpg\",\"width\":537,\"height\":541,\"caption\":\"Lammert Bies\"},\"logo\":{\"@id\":\"https:\\\/\\\/www.lammertbies.nl\\\/wp-content\\\/uploads\\\/2021\\\/04\\\/lammie.jpg\"},\"description\":\"is a dad, husband and polyglot. He is developing embedded systems since the eighties. Used machine learning before it had a name. Specializes in interconnecting computers, robots and humans. Was a Google Mapmaker Advocate and speaker on several international Google conferences from 2011 until the plug was pulled on Mapmaker in 2017. Currently spreading artificial intelligence to the wildest locations in production environments. He never stops learning.\",\"sameAs\":[\"https:\\\/\\\/www.lammertbies.nl\",\"https:\\\/\\\/www.facebook.com\\\/lammertbies\",\"https:\\\/\\\/www.linkedin.com\\\/in\\\/lammertbies\\\/\",\"https:\\\/\\\/x.com\\\/lammertbies\",\"https:\\\/\\\/bughunter.withgoogle.com\\\/profile\\\/1aaf547a-f30a-4145-b7f7-32259a48fa50\",\"https:\\\/\\\/github.com\\\/lammertb\"]}]}<\/script>\n<!-- \/ Yoast SEO plugin. -->","yoast_head_json":{"title":"RS232 seri\u00eble printer kabel informatie - Lammert Bies","description":"Gedetailleerde beschrijving van RS232 seri\u00eble printer kabels. Inclusief afwijkende bedradingsschemas.","robots":{"index":"index","follow":"follow","max-snippet":"max-snippet:-1","max-image-preview":"max-image-preview:large","max-video-preview":"max-video-preview:-1"},"canonical":"https:\/\/www.lammertbies.nl\/nl\/comm\/cable\/rs-232-serial-printer","og_locale":"nl_NL","og_type":"article","og_title":"RS232 seri\u00eble printer kabel informatie - Lammert Bies","og_description":"Gedetailleerde beschrijving van RS232 seri\u00eble printer kabels. Inclusief afwijkende bedradingsschemas.","og_url":"https:\/\/www.lammertbies.nl\/nl\/comm\/cable\/rs-232-serial-printer","og_site_name":"Lammert Bies","article_publisher":"https:\/\/www.facebook.com\/lammertbies","article_modified_time":"2021-05-16T18:58:58+00:00","og_image":[{"url":"https:\/\/www.lammertbies.nl\/picture\/db9_25_printer.png","type":"","width":"","height":""}],"twitter_card":"summary_large_image","twitter_site":"@lammertbies","twitter_misc":{"Geschatte leestijd":"3 minuten"},"schema":{"@context":"https:\/\/schema.org","@graph":[{"@type":"WebPage","@id":"https:\/\/www.lammertbies.nl\/nl\/comm\/cable\/rs-232-serial-printer","url":"https:\/\/www.lammertbies.nl\/nl\/comm\/cable\/rs-232-serial-printer","name":"RS232 seri\u00eble printer kabel informatie - Lammert Bies","isPartOf":{"@id":"https:\/\/www.lammertbies.nl\/nl#website"},"primaryImageOfPage":{"@id":"https:\/\/www.lammertbies.nl\/nl\/comm\/cable\/rs-232-serial-printer#primaryimage"},"image":{"@id":"https:\/\/www.lammertbies.nl\/nl\/comm\/cable\/rs-232-serial-printer#primaryimage"},"thumbnailUrl":"https:\/\/www.lammertbies.nl\/picture\/db9_25_printer.png","datePublished":"2021-05-01T21:19:57+00:00","dateModified":"2021-05-16T18:58:58+00:00","description":"Gedetailleerde beschrijving van RS232 seri\u00eble printer kabels. Inclusief afwijkende bedradingsschemas.","breadcrumb":{"@id":"https:\/\/www.lammertbies.nl\/nl\/comm\/cable\/rs-232-serial-printer#breadcrumb"},"inLanguage":"nl-NL","potentialAction":[{"@type":"ReadAction","target":["https:\/\/www.lammertbies.nl\/nl\/comm\/cable\/rs-232-serial-printer"]}]},{"@type":"ImageObject","inLanguage":"nl-NL","@id":"https:\/\/www.lammertbies.nl\/nl\/comm\/cable\/rs-232-serial-printer#primaryimage","url":"https:\/\/www.lammertbies.nl\/picture\/db9_25_printer.png","contentUrl":"https:\/\/www.lammertbies.nl\/picture\/db9_25_printer.png"},{"@type":"BreadcrumbList","@id":"https:\/\/www.lammertbies.nl\/nl\/comm\/cable\/rs-232-serial-printer#breadcrumb","itemListElement":[{"@type":"ListItem","position":1,"name":"Home","item":"https:\/\/www.lammertbies.nl\/nl"},{"@type":"ListItem","position":2,"name":"Tutorials over computer interfacing","item":"https:\/\/www.lammertbies.nl\/nl\/comm"},{"@type":"ListItem","position":3,"name":"Kabels voor data-interfacing","item":"https:\/\/www.lammertbies.nl\/nl\/comm\/cable"},{"@type":"ListItem","position":4,"name":"RS232 seri\u00eble printer kabels info"}]},{"@type":"WebSite","@id":"https:\/\/www.lammertbies.nl\/nl#website","url":"https:\/\/www.lammertbies.nl\/nl","name":"Lammert Bies","description":"Computer Interfacing","publisher":{"@id":"https:\/\/www.lammertbies.nl\/nl#\/schema\/person\/5a6c15bc687da8d8d5ef7407fc62c7ba"},"potentialAction":[{"@type":"SearchAction","target":{"@type":"EntryPoint","urlTemplate":"https:\/\/www.lammertbies.nl\/nl?s={search_term_string}"},"query-input":{"@type":"PropertyValueSpecification","valueRequired":true,"valueName":"search_term_string"}}],"inLanguage":"nl-NL"},{"@type":["Person","Organization"],"@id":"https:\/\/www.lammertbies.nl\/nl#\/schema\/person\/5a6c15bc687da8d8d5ef7407fc62c7ba","name":"Lammert Bies","image":{"@type":"ImageObject","inLanguage":"nl-NL","@id":"https:\/\/www.lammertbies.nl\/wp-content\/uploads\/2021\/04\/lammie.jpg","url":"https:\/\/www.lammertbies.nl\/wp-content\/uploads\/2021\/04\/lammie.jpg","contentUrl":"https:\/\/www.lammertbies.nl\/wp-content\/uploads\/2021\/04\/lammie.jpg","width":537,"height":541,"caption":"Lammert Bies"},"logo":{"@id":"https:\/\/www.lammertbies.nl\/wp-content\/uploads\/2021\/04\/lammie.jpg"},"description":"is a dad, husband and polyglot. He is developing embedded systems since the eighties. Used machine learning before it had a name. Specializes in interconnecting computers, robots and humans. Was a Google Mapmaker Advocate and speaker on several international Google conferences from 2011 until the plug was pulled on Mapmaker in 2017. Currently spreading artificial intelligence to the wildest locations in production environments. He never stops learning.","sameAs":["https:\/\/www.lammertbies.nl","https:\/\/www.facebook.com\/lammertbies","https:\/\/www.linkedin.com\/in\/lammertbies\/","https:\/\/x.com\/lammertbies","https:\/\/bughunter.withgoogle.com\/profile\/1aaf547a-f30a-4145-b7f7-32259a48fa50","https:\/\/github.com\/lammertb"]}]}},"_links":{"self":[{"href":"https:\/\/www.lammertbies.nl\/nl\/wp-json\/wp\/v2\/pages\/2183","targetHints":{"allow":["GET"]}}],"collection":[{"href":"https:\/\/www.lammertbies.nl\/nl\/wp-json\/wp\/v2\/pages"}],"about":[{"href":"https:\/\/www.lammertbies.nl\/nl\/wp-json\/wp\/v2\/types\/page"}],"author":[{"embeddable":true,"href":"https:\/\/www.lammertbies.nl\/nl\/wp-json\/wp\/v2\/users\/1"}],"replies":[{"embeddable":true,"href":"https:\/\/www.lammertbies.nl\/nl\/wp-json\/wp\/v2\/comments?post=2183"}],"version-history":[{"count":0,"href":"https:\/\/www.lammertbies.nl\/nl\/wp-json\/wp\/v2\/pages\/2183\/revisions"}],"up":[{"embeddable":true,"href":"https:\/\/www.lammertbies.nl\/nl\/wp-json\/wp\/v2\/pages\/2036"}],"wp:attachment":[{"href":"https:\/\/www.lammertbies.nl\/nl\/wp-json\/wp\/v2\/media?parent=2183"}],"curies":[{"name":"wp","href":"https:\/\/api.w.org\/{rel}","templated":true}]}}