{"id":2201,"date":"2021-05-01T23:47:40","date_gmt":"2021-05-01T21:47:40","guid":{"rendered":"https:\/\/www.lammertbies.nl\/comm\/cable\/mitsubishi-plc-kabel-informatie"},"modified":"2021-05-16T20:41:37","modified_gmt":"2021-05-16T18:41:37","slug":"plc-mitsubishi","status":"publish","type":"page","link":"https:\/\/www.lammertbies.nl\/nl\/comm\/cable\/plc-mitsubishi","title":{"rendered":"Mitsubishi PLC kabel informatie"},"content":{"rendered":"\n<ul><li><a href=\"https:\/\/www.lammertbies.nl\/nl\/comm\/cable\/plc-omron\">Omron PLC kabels<\/a><\/li><li><a href=\"https:\/\/www.lammertbies.nl\/nl\/comm\/cable\/plc-siemens\">Siemens PLC kabels<\/a><\/li><li><a href=\"https:\/\/www.lammertbies.nl\/nl\/comm\/cable\/plc#idec\">Idec \/ Izumi PLC kabels<\/a><\/li><li><a href=\"https:\/\/www.lammertbies.nl\/nl\/comm\/cable\/unitronics-rj11\">Unitronics PLC kabels<\/a><\/li><li><a href=\"https:\/\/www.lammertbies.nl\/nl\/comm\/cable\/plc#zwor\">Z-World microcontroller kabels<\/a><\/li><\/ul>\n\n<h2 class=\"wp-block-heading\" id=\"mits\">Mitsubishi PLC kabel layout<\/h2>\n\n<p>Melsec PLC&#8217;s van Mitsubishi kunnen met verschillende soorten kabels worden verbonden met PC&#8217;s waarop het programmeerpakket Medoc draait. Afhankelijk van de gebruikte PLC I\/O module is een andere kabel noodzakelijk.<\/p>\n\n<p>Niet alle Mitsubishi PLC&#8217;s kunnen direct met een programmeer PC worden verbonden. De signaalniveaus van de A serie CPU units zijn niet RS232 compatible en moeten worden geconverteerd met een SC-02N of SC-05 converter. De seri\u00eble kabel layout om deze converter op een PC aan te sluiten is in dit schema te zien.<\/p>\n\n<div class=\"wp-block-image\"><figure class=\"aligncenter size-large\"><img decoding=\"async\" src=\"https:\/\/www.lammertbies.nl\/picture\/sc_02n.png\" alt=\"Mitsubishi SC-02N\/SC-05 connectie diagram\"\/><figcaption>PC naar Mitsubishi SC-02N\/SC-05 adapter kabel<\/figcaption><\/figure><\/div>\n\n<p>Wanneer meer dan \u00e9\u00e9n seri\u00eble poort nodig is op een A serie melsec PLC, dan kan een AJ71C24 of AJ71C21 seri\u00eble communicatie module in het systeem geplugd worden. Deze modules hebben een RS232 compatible seri\u00eble poort, waardoor er geen signaalconversie nodig is om deze modules op een PC aan te sluiten. Beide modules zijn voorzien van een DB25 connector. De kabel layout voor deze twee modules is hieronder te zien.<\/p>\n\n<div class=\"wp-block-image\"><figure class=\"aligncenter size-large\"><img decoding=\"async\" src=\"https:\/\/www.lammertbies.nl\/picture\/aj71c24.png\" alt=\"Mitsubishi AJ71C24 connectie diagram\"\/><figcaption>PC naar Mitsubishi AJ71C24 seri\u00eble programmeerkabel<\/figcaption><\/figure><\/div>\n\n<div class=\"wp-block-image\"><figure class=\"aligncenter size-large\"><img decoding=\"async\" src=\"https:\/\/www.lammertbies.nl\/picture\/aj71c21.png\" alt=\"Mitsubishi AJ71C21 connectie diagram\"\/><figcaption>PC naar Mitsubishi AJ71C21 seri\u00eble programmeerkabel<\/figcaption><\/figure><\/div>\n\n<p>De A1SJ71C24-R2 kan ook worden gebruikt om computers of apparaten aan te sluiten op een melsec A serie PLC. Deze plug-in module bevat twee seri\u00eble poorten, elk met een DB9 connector. De bedradingslayout is in feite identiek aan de <a href=\"https:\/\/www.lammertbies.nl\/nl\/comm\/info\/rs-232-null-modem#loop\">RS232 null modem cable met loopback handshaking<\/a>.<\/p>\n\n<div class=\"wp-block-image\"><figure class=\"aligncenter size-large\"><img decoding=\"async\" src=\"https:\/\/www.lammertbies.nl\/picture\/a1sj71c24-r2.png\" alt=\"Mitsubishi A1SJ71C24-R2 connectie diagram\"\/><figcaption>PC naar Mitsubishi A1SJ71C24-R2 seri\u00eble programmeer kabel<\/figcaption><\/figure><\/div>\n","protected":false},"excerpt":{"rendered":"<p>Omron PLC kabels Siemens PLC kabels Idec \/ Izumi PLC kabels Unitronics PLC kabels Z-World microcontroller kabels Mitsubishi PLC kabel layout Melsec PLC&#8217;s van Mitsubishi kunnen met verschillende soorten kabels worden verbonden met PC&#8217;s waarop het programmeerpakket Medoc draait. Afhankelijk van de gebruikte PLC I\/O module is een andere kabel noodzakelijk. Niet alle Mitsubishi PLC&#8217;s [&hellip;]<\/p>\n","protected":false},"author":1,"featured_media":0,"parent":2036,"menu_order":21,"comment_status":"closed","ping_status":"closed","template":"","meta":{"footnotes":""},"yoast_head":"<!-- This site is optimized with the Yoast SEO plugin v22.6 - https:\/\/yoast.com\/wordpress\/plugins\/seo\/ -->\n<title>Mitsubishi PLC kabel diagrammen- Lammert Bies<\/title>\n<meta name=\"description\" content=\"Mitsubishi melsec bedradingsdiagrammen voor PLC programmering en communicatie. Inclusief moeilijk te vinden layouts.\" \/>\n<meta name=\"robots\" content=\"index, follow, max-snippet:-1, max-image-preview:large, max-video-preview:-1\" \/>\n<link rel=\"canonical\" href=\"https:\/\/www.lammertbies.nl\/nl\/comm\/cable\/plc-mitsubishi\" \/>\n<meta property=\"og:locale\" content=\"nl_NL\" \/>\n<meta property=\"og:type\" content=\"article\" \/>\n<meta property=\"og:title\" content=\"Mitsubishi PLC kabel diagrammen- Lammert Bies\" \/>\n<meta property=\"og:description\" content=\"Mitsubishi melsec bedradingsdiagrammen voor PLC programmering en communicatie. Inclusief moeilijk te vinden layouts.\" \/>\n<meta property=\"og:url\" content=\"https:\/\/www.lammertbies.nl\/nl\/comm\/cable\/plc-mitsubishi\" \/>\n<meta property=\"og:site_name\" content=\"Lammert Bies\" \/>\n<meta property=\"article:publisher\" content=\"https:\/\/www.facebook.com\/lammertbies\" \/>\n<meta property=\"article:modified_time\" content=\"2021-05-16T18:41:37+00:00\" \/>\n<meta property=\"og:image\" content=\"https:\/\/www.lammertbies.nl\/picture\/sc_02n.png\" \/>\n<meta name=\"twitter:card\" content=\"summary_large_image\" \/>\n<meta name=\"twitter:site\" content=\"@lammertbies\" \/>\n<meta name=\"twitter:label1\" content=\"Geschatte leestijd\" \/>\n\t<meta name=\"twitter:data1\" content=\"1 minuut\" \/>\n<script type=\"application\/ld+json\" class=\"yoast-schema-graph\">{\"@context\":\"https:\/\/schema.org\",\"@graph\":[{\"@type\":\"WebPage\",\"@id\":\"https:\/\/www.lammertbies.nl\/nl\/comm\/cable\/plc-mitsubishi\",\"url\":\"https:\/\/www.lammertbies.nl\/nl\/comm\/cable\/plc-mitsubishi\",\"name\":\"Mitsubishi PLC kabel diagrammen- Lammert Bies\",\"isPartOf\":{\"@id\":\"https:\/\/www.lammertbies.nl\/nl#website\"},\"primaryImageOfPage\":{\"@id\":\"https:\/\/www.lammertbies.nl\/nl\/comm\/cable\/plc-mitsubishi#primaryimage\"},\"image\":{\"@id\":\"https:\/\/www.lammertbies.nl\/nl\/comm\/cable\/plc-mitsubishi#primaryimage\"},\"thumbnailUrl\":\"https:\/\/www.lammertbies.nl\/picture\/sc_02n.png\",\"datePublished\":\"2021-05-01T21:47:40+00:00\",\"dateModified\":\"2021-05-16T18:41:37+00:00\",\"description\":\"Mitsubishi melsec bedradingsdiagrammen voor PLC programmering en communicatie. Inclusief moeilijk te vinden layouts.\",\"breadcrumb\":{\"@id\":\"https:\/\/www.lammertbies.nl\/nl\/comm\/cable\/plc-mitsubishi#breadcrumb\"},\"inLanguage\":\"nl-NL\",\"potentialAction\":[{\"@type\":\"ReadAction\",\"target\":[\"https:\/\/www.lammertbies.nl\/nl\/comm\/cable\/plc-mitsubishi\"]}]},{\"@type\":\"ImageObject\",\"inLanguage\":\"nl-NL\",\"@id\":\"https:\/\/www.lammertbies.nl\/nl\/comm\/cable\/plc-mitsubishi#primaryimage\",\"url\":\"https:\/\/www.lammertbies.nl\/picture\/sc_02n.png\",\"contentUrl\":\"https:\/\/www.lammertbies.nl\/picture\/sc_02n.png\"},{\"@type\":\"BreadcrumbList\",\"@id\":\"https:\/\/www.lammertbies.nl\/nl\/comm\/cable\/plc-mitsubishi#breadcrumb\",\"itemListElement\":[{\"@type\":\"ListItem\",\"position\":1,\"name\":\"Home\",\"item\":\"https:\/\/www.lammertbies.nl\/nl\"},{\"@type\":\"ListItem\",\"position\":2,\"name\":\"Tutorials over computer interfacing\",\"item\":\"https:\/\/www.lammertbies.nl\/nl\/comm\"},{\"@type\":\"ListItem\",\"position\":3,\"name\":\"Kabels voor data-interfacing\",\"item\":\"https:\/\/www.lammertbies.nl\/nl\/comm\/cable\"},{\"@type\":\"ListItem\",\"position\":4,\"name\":\"Mitsubishi PLC kabel informatie\"}]},{\"@type\":\"WebSite\",\"@id\":\"https:\/\/www.lammertbies.nl\/nl#website\",\"url\":\"https:\/\/www.lammertbies.nl\/nl\",\"name\":\"Lammert Bies\",\"description\":\"Computer Interfacing\",\"publisher\":{\"@id\":\"https:\/\/www.lammertbies.nl\/nl#\/schema\/person\/5a6c15bc687da8d8d5ef7407fc62c7ba\"},\"potentialAction\":[{\"@type\":\"SearchAction\",\"target\":{\"@type\":\"EntryPoint\",\"urlTemplate\":\"https:\/\/www.lammertbies.nl\/nl?s={search_term_string}\"},\"query-input\":\"required name=search_term_string\"}],\"inLanguage\":\"nl-NL\"},{\"@type\":[\"Person\",\"Organization\"],\"@id\":\"https:\/\/www.lammertbies.nl\/nl#\/schema\/person\/5a6c15bc687da8d8d5ef7407fc62c7ba\",\"name\":\"Lammert Bies\",\"image\":{\"@type\":\"ImageObject\",\"inLanguage\":\"nl-NL\",\"@id\":\"https:\/\/www.lammertbies.nl\/nl#\/schema\/person\/image\/\",\"url\":\"https:\/\/www.lammertbies.nl\/wp-content\/uploads\/2021\/04\/lammie.jpg\",\"contentUrl\":\"https:\/\/www.lammertbies.nl\/wp-content\/uploads\/2021\/04\/lammie.jpg\",\"width\":537,\"height\":541,\"caption\":\"Lammert Bies\"},\"logo\":{\"@id\":\"https:\/\/www.lammertbies.nl\/nl#\/schema\/person\/image\/\"},\"description\":\"is a dad, husband and polyglot. He is developing embedded systems since the eighties. Used machine learning before it had a name. Specializes in interconnecting computers, robots and humans. Was a Google Mapmaker Advocate and speaker on several international Google conferences from 2011 until the plug was pulled on Mapmaker in 2017. Currently spreading artificial intelligence to the wildest locations in production environments. He never stops learning.\",\"sameAs\":[\"https:\/\/www.lammertbies.nl\",\"https:\/\/www.facebook.com\/lammertbies\",\"https:\/\/www.linkedin.com\/in\/lammertbies\/\",\"https:\/\/x.com\/lammertbies\",\"https:\/\/bughunter.withgoogle.com\/profile\/1aaf547a-f30a-4145-b7f7-32259a48fa50\",\"https:\/\/github.com\/lammertb\"]}]}<\/script>\n<!-- \/ Yoast SEO plugin. -->","yoast_head_json":{"title":"Mitsubishi PLC kabel diagrammen- Lammert Bies","description":"Mitsubishi melsec bedradingsdiagrammen voor PLC programmering en communicatie. Inclusief moeilijk te vinden layouts.","robots":{"index":"index","follow":"follow","max-snippet":"max-snippet:-1","max-image-preview":"max-image-preview:large","max-video-preview":"max-video-preview:-1"},"canonical":"https:\/\/www.lammertbies.nl\/nl\/comm\/cable\/plc-mitsubishi","og_locale":"nl_NL","og_type":"article","og_title":"Mitsubishi PLC kabel diagrammen- Lammert Bies","og_description":"Mitsubishi melsec bedradingsdiagrammen voor PLC programmering en communicatie. Inclusief moeilijk te vinden layouts.","og_url":"https:\/\/www.lammertbies.nl\/nl\/comm\/cable\/plc-mitsubishi","og_site_name":"Lammert Bies","article_publisher":"https:\/\/www.facebook.com\/lammertbies","article_modified_time":"2021-05-16T18:41:37+00:00","og_image":[{"url":"https:\/\/www.lammertbies.nl\/picture\/sc_02n.png"}],"twitter_card":"summary_large_image","twitter_site":"@lammertbies","twitter_misc":{"Geschatte leestijd":"1 minuut"},"schema":{"@context":"https:\/\/schema.org","@graph":[{"@type":"WebPage","@id":"https:\/\/www.lammertbies.nl\/nl\/comm\/cable\/plc-mitsubishi","url":"https:\/\/www.lammertbies.nl\/nl\/comm\/cable\/plc-mitsubishi","name":"Mitsubishi PLC kabel diagrammen- Lammert Bies","isPartOf":{"@id":"https:\/\/www.lammertbies.nl\/nl#website"},"primaryImageOfPage":{"@id":"https:\/\/www.lammertbies.nl\/nl\/comm\/cable\/plc-mitsubishi#primaryimage"},"image":{"@id":"https:\/\/www.lammertbies.nl\/nl\/comm\/cable\/plc-mitsubishi#primaryimage"},"thumbnailUrl":"https:\/\/www.lammertbies.nl\/picture\/sc_02n.png","datePublished":"2021-05-01T21:47:40+00:00","dateModified":"2021-05-16T18:41:37+00:00","description":"Mitsubishi melsec bedradingsdiagrammen voor PLC programmering en communicatie. Inclusief moeilijk te vinden layouts.","breadcrumb":{"@id":"https:\/\/www.lammertbies.nl\/nl\/comm\/cable\/plc-mitsubishi#breadcrumb"},"inLanguage":"nl-NL","potentialAction":[{"@type":"ReadAction","target":["https:\/\/www.lammertbies.nl\/nl\/comm\/cable\/plc-mitsubishi"]}]},{"@type":"ImageObject","inLanguage":"nl-NL","@id":"https:\/\/www.lammertbies.nl\/nl\/comm\/cable\/plc-mitsubishi#primaryimage","url":"https:\/\/www.lammertbies.nl\/picture\/sc_02n.png","contentUrl":"https:\/\/www.lammertbies.nl\/picture\/sc_02n.png"},{"@type":"BreadcrumbList","@id":"https:\/\/www.lammertbies.nl\/nl\/comm\/cable\/plc-mitsubishi#breadcrumb","itemListElement":[{"@type":"ListItem","position":1,"name":"Home","item":"https:\/\/www.lammertbies.nl\/nl"},{"@type":"ListItem","position":2,"name":"Tutorials over computer interfacing","item":"https:\/\/www.lammertbies.nl\/nl\/comm"},{"@type":"ListItem","position":3,"name":"Kabels voor data-interfacing","item":"https:\/\/www.lammertbies.nl\/nl\/comm\/cable"},{"@type":"ListItem","position":4,"name":"Mitsubishi PLC kabel informatie"}]},{"@type":"WebSite","@id":"https:\/\/www.lammertbies.nl\/nl#website","url":"https:\/\/www.lammertbies.nl\/nl","name":"Lammert Bies","description":"Computer Interfacing","publisher":{"@id":"https:\/\/www.lammertbies.nl\/nl#\/schema\/person\/5a6c15bc687da8d8d5ef7407fc62c7ba"},"potentialAction":[{"@type":"SearchAction","target":{"@type":"EntryPoint","urlTemplate":"https:\/\/www.lammertbies.nl\/nl?s={search_term_string}"},"query-input":"required name=search_term_string"}],"inLanguage":"nl-NL"},{"@type":["Person","Organization"],"@id":"https:\/\/www.lammertbies.nl\/nl#\/schema\/person\/5a6c15bc687da8d8d5ef7407fc62c7ba","name":"Lammert Bies","image":{"@type":"ImageObject","inLanguage":"nl-NL","@id":"https:\/\/www.lammertbies.nl\/nl#\/schema\/person\/image\/","url":"https:\/\/www.lammertbies.nl\/wp-content\/uploads\/2021\/04\/lammie.jpg","contentUrl":"https:\/\/www.lammertbies.nl\/wp-content\/uploads\/2021\/04\/lammie.jpg","width":537,"height":541,"caption":"Lammert Bies"},"logo":{"@id":"https:\/\/www.lammertbies.nl\/nl#\/schema\/person\/image\/"},"description":"is a dad, husband and polyglot. He is developing embedded systems since the eighties. Used machine learning before it had a name. Specializes in interconnecting computers, robots and humans. Was a Google Mapmaker Advocate and speaker on several international Google conferences from 2011 until the plug was pulled on Mapmaker in 2017. Currently spreading artificial intelligence to the wildest locations in production environments. He never stops learning.","sameAs":["https:\/\/www.lammertbies.nl","https:\/\/www.facebook.com\/lammertbies","https:\/\/www.linkedin.com\/in\/lammertbies\/","https:\/\/x.com\/lammertbies","https:\/\/bughunter.withgoogle.com\/profile\/1aaf547a-f30a-4145-b7f7-32259a48fa50","https:\/\/github.com\/lammertb"]}]}},"_links":{"self":[{"href":"https:\/\/www.lammertbies.nl\/nl\/wp-json\/wp\/v2\/pages\/2201"}],"collection":[{"href":"https:\/\/www.lammertbies.nl\/nl\/wp-json\/wp\/v2\/pages"}],"about":[{"href":"https:\/\/www.lammertbies.nl\/nl\/wp-json\/wp\/v2\/types\/page"}],"author":[{"embeddable":true,"href":"https:\/\/www.lammertbies.nl\/nl\/wp-json\/wp\/v2\/users\/1"}],"replies":[{"embeddable":true,"href":"https:\/\/www.lammertbies.nl\/nl\/wp-json\/wp\/v2\/comments?post=2201"}],"version-history":[{"count":0,"href":"https:\/\/www.lammertbies.nl\/nl\/wp-json\/wp\/v2\/pages\/2201\/revisions"}],"up":[{"embeddable":true,"href":"https:\/\/www.lammertbies.nl\/nl\/wp-json\/wp\/v2\/pages\/2036"}],"wp:attachment":[{"href":"https:\/\/www.lammertbies.nl\/nl\/wp-json\/wp\/v2\/media?parent=2201"}],"curies":[{"name":"wp","href":"https:\/\/api.w.org\/{rel}","templated":true}]}}